{"id":458,"date":"2024-10-22T02:53:13","date_gmt":"2024-10-22T02:53:13","guid":{"rendered":"https:\/\/progressiveweb.solutions\/clinigothe7\/?page_id=458"},"modified":"2024-10-22T02:53:13","modified_gmt":"2024-10-22T02:53:13","slug":"accueil","status":"publish","type":"page","link":"https:\/\/clinigo.io\/fr\/","title":{"rendered":"Accueil"},"content":{"rendered":"<div class=\"wpb-content-wrapper\"><p>[vc_row][vc_column]\n\t\t\t\t<p class=\"rs-p-wp-fix\"><\/p>\n\t\t\t\t<sr7-module data-alias=\"slider-1-1\" data-id=\"1\" id=\"SR7_1_1\" class=\"rs-ov-hidden\" data-version=\"6.7.38\">\n\t\t\t\t\t<sr7-adjuster><\/sr7-adjuster>\n\t\t\t\t\t<sr7-content>\n\t\t\t\t\t\t<sr7-slide id=\"SR7_1_1-1\" data-key=\"1\">\n\t\t\t\t\t\t\t<sr7-txt id=\"SR7_1_1-1-2\" class=\"sr7-layer\">Logiciel de gestion de clinique bilingue s\u00e9curis\u00e9<\/sr7-txt>\n\t\t\t\t\t\t\t<sr7-txt id=\"SR7_1_1-1-3\" class=\"sr7-layer\">Tout ce dont vous avez besoin pour g\u00e9rer votre pratique en anglais et en fran\u00e7ais. Une solution logicielle s\u00e9curis\u00e9e et bas\u00e9e sur le cloud vous permet de g\u00e9rer votre clinique de n'importe o\u00f9 et n'importe quand!<\/sr7-txt>\n\t\t\t\t\t\t<\/sr7-slide>\n\t\t\t\t\t\t<sr7-slide id=\"SR7_1_1-2\" data-key=\"2\">\n\t\t\t\t\t\t<\/sr7-slide>\n\t\t\t\t\t<\/sr7-content>\n\t\t\t\t\t<image_lists style=\"display:none\">\n\t\t\t\t\t\t<img data-src=\"\/\/progressivewp.solutions\/clinigo\/wp-content\/uploads\/sites\/10\/revslider\/slider-1-1\/clinigo-clinic-management-software.png\" data-libid=\"6\" data-lib=\"medialibrary\" title=\"clinigo-clinic-management-software.png\" width=\"0\" height=\"0\" data-dbsrc=\"Ly9wcm9ncmVzc2l2ZXdwLnNvbHV0aW9ucy9jbGluaWdvL3dwLWNvbnRlbnQvdXBsb2Fkcy9zaXRlcy8xMC9yZXZzbGlkZXIvc2xpZGVyLTEtMS9jbGluaWdvLWNsaW5pYy1tYW5hZ2VtZW50LXNvZnR3YXJlLnBuZw==\"\/>\n\t\t\t\t\t\t<img data-src=\"\/\/progressivewp.solutions\/clinigo\/wp-content\/uploads\/sites\/10\/revslider\/slider-1-1\/clinigo-logo-white-e1669097910571.png\" data-libid=\"7\" data-lib=\"medialibrary\" title=\"clinigo-logo-white-e1669097910571.png\" width=\"0\" height=\"0\" data-dbsrc=\"Ly9wcm9ncmVzc2l2ZXdwLnNvbHV0aW9ucy9jbGluaWdvL3dwLWNvbnRlbnQvdXBsb2Fkcy9zaXRlcy8xMC9yZXZzbGlkZXIvc2xpZGVyLTEtMS9jbGluaWdvLWxvZ28td2hpdGUtZTE2NjkwOTc5MTA1NzEucG5n\"\/>\n\t\t\t\t\t<\/image_lists>\n\t\t\t\t<\/sr7-module>\n\t\t\t\t<script>\n\t\t\t\t\tSR7.PMH ??={}; SR7.PMH[\"SR7_1_1\"] = {cn:100,state:false,fn: function() { if (_tpt!==undefined && _tpt.prepareModuleHeight !== undefined) {  _tpt.prepareModuleHeight({id:\"SR7_1_1\",el:[650,650,768,960,600],type:'standard',shdw:'0',gh:[650,650,600,550,600],gw:[1240,1240,1024,778,480],vpt:['-100px&#039;,&#039;-100px&#039;,&#039;-100px&#039;,&#039;-100px&#039;,&#039;-100px'],size:{fullWidth:true, fullHeight:false},mh:'0',onh:0,onw:0,bg:{color:'{\"orig\":\"transparent\",\"type\":\"solid\",\"string\":\"transparent\"}'}});   SR7.PMH[\"SR7_1_1\"].state=true;} else if(SR7.PMH[\"SR7_1_1\"].cn-->0)\tsetTimeout( SR7.PMH[\"SR7_1_1\"].fn,19);}};SR7.PMH[\"SR7_1_1\" ].fn();\n\t\t\t\t<\/script>\n[\/vc_column][\/vc_row][vc_row equal_height=\u00a0\u00bbyes\u00a0\u00bb content_placement=\u00a0\u00bbmiddle\u00a0\u00bb css=\u00a0\u00bb.vc_custom_1729697904900{padding-top: 60px !important;padding-bottom: 60px !important;}\u00a0\u00bb][vc_column width=\u00a0\u00bb1\/2&Prime;][vc_single_image image=\u00a0\u00bb60&Prime; img_size=\u00a0\u00bblarge\u00a0\u00bb alignment=\u00a0\u00bbcenter\u00a0\u00bb css=\u00a0\u00bb\u00a0\u00bb image_hovers=\u00a0\u00bbfalse\u00a0\u00bb lazy_loading=\u00a0\u00bbtrue\u00a0\u00bb][\/vc_column][vc_column width=\u00a0\u00bb1\/2&Prime;][vc_column_text css=\u00a0\u00bb\u00a0\u00bb]<\/p>\n<h4 id=\"text_block-582-16\" class=\"ct-text-block\"><span style=\"color: #4dd0e1\">Logiciel de gestion de clinique incroyablement robuste et facile d\u2019utilisation<\/span><\/h4>\n<h3>G\u00e9rez facilement tous les aspects de votre pratique<\/h3>\n<p>[\/vc_column_text]<div class=\"aio-icon-component    style_1\"><div id=\"Info-box-wrap-4098\" class=\"aio-icon-box left-icon\" style=\"\"  ><div class=\"aio-icon-left\"><div class=\"ult-just-icon-wrapper  \"><div class=\"align-icon\" style=\"text-align:center;\">\n<div class=\"aio-icon none \"  style=\"color:#4dd1e0;font-size:32px;display:inline-block;\">\n\t<i class=\"Defaults-thumbs-o-up\"><\/i>\n<\/div><\/div><\/div><\/div><div class=\"aio-ibd-block\"><div class=\"aio-icon-header\" ><h3 class=\"aio-icon-title ult-responsive\"  data-ultimate-target='#Info-box-wrap-4098 .aio-icon-title'  data-responsive-json-new='{\"font-size\":\"\",\"line-height\":\"\"}'  style=\"\">Tout ce dont vous avez besoin pour g\u00e9rer votre clinique<\/h3><\/div> <!-- header --><div class=\"aio-icon-description ult-responsive\"  data-ultimate-target='#Info-box-wrap-4098 .aio-icon-description'  data-responsive-json-new='{\"font-size\":\"\",\"line-height\":\"\"}'  style=\"\">Notre logiciel de gestion de clinique vous donne tous les outils dont vous avez besoin afin de g\u00e9rer votre clinique de mani\u00e8re professionnelle. De la planification \u00e0 la facturation, et toutes les \u00e9tapes entre, Clinigo vous aidera \u00e0 faire passer votre clinique au niveau sup\u00e9rieur!<\/div> <!-- description --><\/div> <!-- aio-ibd-block --><\/div> <!-- aio-icon-box --><\/div> <!-- aio-icon-component --><div class=\"aio-icon-component    style_1\"><div id=\"Info-box-wrap-6483\" class=\"aio-icon-box left-icon\" style=\"\"  ><div class=\"aio-icon-left\"><div class=\"ult-just-icon-wrapper  \"><div class=\"align-icon\" style=\"text-align:center;\">\n<div class=\"aio-icon none \"  style=\"color:#4dd1e0;font-size:32px;display:inline-block;\">\n\t<i class=\"icomoon-the7-font-the7-phone-02\"><\/i>\n<\/div><\/div><\/div><\/div><div class=\"aio-ibd-block\"><div class=\"aio-icon-header\" ><h3 class=\"aio-icon-title ult-responsive\"  data-ultimate-target='#Info-box-wrap-6483 .aio-icon-title'  data-responsive-json-new='{\"font-size\":\"\",\"line-height\":\"\"}'  style=\"\">Depuis n'importe quel appareil et n\u2019importe o\u00f9 avec un acc\u00e8s \u00e0 Internet<\/h3><\/div> <!-- header --><div class=\"aio-icon-description ult-responsive\"  data-ultimate-target='#Info-box-wrap-6483 .aio-icon-description'  data-responsive-json-new='{\"font-size\":\"\",\"line-height\":\"\"}'  style=\"\">Clinigo peut \u00eatre utilis\u00e9 depuis n&rsquo;importe quel appareil disposant d&rsquo;une connexion Internet, y compris votre t\u00e9l\u00e9phone portable, votre tablette ou votre ordinateur.<\/div> <!-- description --><\/div> <!-- aio-ibd-block --><\/div> <!-- aio-icon-box --><\/div> <!-- aio-icon-component -->[\/vc_column][\/vc_row][vc_row full_width=\u00a0\u00bbstretch_row\u00a0\u00bb css=\u00a0\u00bb.vc_custom_1729567060869{padding-top: 95px !important;padding-bottom: 95px !important;background-color: #4dd0e1 !important;}\u00a0\u00bb][vc_column][vc_column_text css=\u00a0\u00bb\u00a0\u00bb]<\/p>\n<h2 style=\"text-align: center\"><span style=\"color: #ffffff\">Vous pr\u00e9f\u00e9rez une d\u00e9monstration avec une touche humaine ?<\/span><\/h2>\n<p style=\"text-align: center\"><span style=\"color: #ffffff\">Laissez un des membres de notre \u00e9quipe vous montrer toutes les fa\u00e7ons dont notre logiciel vous fera gagner du temps et de l&rsquo;argent et ce tout en vous aidant \u00e0 faire passer votre pratique au niveau sup\u00e9rieur !<\/span><\/p>\n<p>[\/vc_column_text][\/vc_column][\/vc_row][vc_row equal_height=\u00a0\u00bbyes\u00a0\u00bb content_placement=\u00a0\u00bbmiddle\u00a0\u00bb][vc_column width=\u00a0\u00bb1\/2&Prime; offset=\u00a0\u00bbvc_hidden-sm vc_hidden-xs\u00a0\u00bb][vc_single_image image=\u00a0\u00bb69&Prime; img_size=\u00a0\u00bblarge\u00a0\u00bb alignment=\u00a0\u00bbcenter\u00a0\u00bb css=\u00a0\u00bb\u00a0\u00bb image_hovers=\u00a0\u00bbfalse\u00a0\u00bb lazy_loading=\u00a0\u00bbtrue\u00a0\u00bb][\/vc_column][vc_column width=\u00a0\u00bb1\/2&Prime; offset=\u00a0\u00bbvc_hidden-sm vc_hidden-xs\u00a0\u00bb][vc_column_text css=\u00a0\u00bb\u00a0\u00bb]<\/p>\n<h2 id=\"headline-466-4\" class=\"ct-headline saas-heading-two\">N&rsquo;importe quel appareil, n&rsquo;importe o\u00f9, n&rsquo;importe quand !<\/h2>\n<p>G\u00e9rez votre clinique depuis l&rsquo;appareil de votre choix, de n&rsquo;importe o\u00f9, tant que vous disposez d&rsquo;une connexion Internet ![\/vc_column_text][vc_btn title=\u00a0\u00bbEssayez GRATUITEMENT pendant 30 jours\u00a0\u00bb style=\u00a0\u00bboutline\u00a0\u00bb color=\u00a0\u00bbjuicy-pink\u00a0\u00bb css=\u00a0\u00bb\u00a0\u00bb link=\u00a0\u00bburl:https%3A%2F%2Fprogressiveweb.solutions%2Fclinigothe7%2Ffr%2Fessai-gratuit%2F|title:Planifier%20une%20d%C3%A9mo\u00a0\u00bb][\/vc_column][vc_column offset=\u00a0\u00bbvc_hidden-lg vc_hidden-md\u00a0\u00bb][vc_single_image image=\u00a0\u00bb69&Prime; img_size=\u00a0\u00bblarge\u00a0\u00bb alignment=\u00a0\u00bbcenter\u00a0\u00bb css=\u00a0\u00bb\u00a0\u00bb image_hovers=\u00a0\u00bbfalse\u00a0\u00bb lazy_loading=\u00a0\u00bbtrue\u00a0\u00bb][vc_column_text css=\u00a0\u00bb\u00a0\u00bb]<\/p>\n<h2 id=\"headline-466-4\" class=\"ct-headline saas-heading-two\" style=\"text-align: center\">N&rsquo;importe quel appareil, n&rsquo;importe o\u00f9, n&rsquo;importe quand !<\/h2>\n<p style=\"text-align: center\">G\u00e9rez votre clinique depuis l&rsquo;appareil de votre choix, de n&rsquo;importe o\u00f9, tant que vous disposez d&rsquo;une connexion Internet !<\/p>\n<p>[\/vc_column_text][vc_btn title=\u00a0\u00bbEssayez GRATUITEMENT pendant 30 jours\u00a0\u00bb style=\u00a0\u00bboutline\u00a0\u00bb color=\u00a0\u00bbjuicy-pink\u00a0\u00bb align=\u00a0\u00bbcenter\u00a0\u00bb css=\u00a0\u00bb\u00a0\u00bb link=\u00a0\u00bburl:https%3A%2F%2Fprogressiveweb.solutions%2Fclinigothe7%2Ffr%2Fessai-gratuit%2F|title:Planifier%20une%20d%C3%A9mo\u00a0\u00bb][\/vc_column][\/vc_row][vc_row equal_height=\u00a0\u00bbyes\u00a0\u00bb content_placement=\u00a0\u00bbmiddle\u00a0\u00bb][vc_column width=\u00a0\u00bb1\/2&Prime; offset=\u00a0\u00bbvc_hidden-sm vc_hidden-xs\u00a0\u00bb][vc_column_text css=\u00a0\u00bb\u00a0\u00bb]<\/p>\n<h2>H\u00e9bergement cloud s\u00e9curis\u00e9<\/h2>\n<p>Vous pouvez dormir sur vos deux oreilles en sachant que toutes vos donn\u00e9es financi\u00e8res et de patients sont stock\u00e9es de mani\u00e8re crypt\u00e9e dans un environnement s\u00e9par\u00e9 sur des serveurs cloud hautement s\u00e9curis\u00e9s. Si rien de tout cela ne vous dit rien, sachez simplement que notre plateforme est incroyablement s\u00e9curis\u00e9e.[\/vc_column_text][vc_btn title=\u00a0\u00bbPlanifiez une d\u00e9monstration GRATUITE\u00a0\u00bb style=\u00a0\u00bboutline\u00a0\u00bb color=\u00a0\u00bbjuicy-pink\u00a0\u00bb css=\u00a0\u00bb\u00a0\u00bb link=\u00a0\u00bburl:https%3A%2F%2Fprogressiveweb.solutions%2Fclinigothe7%2Ffr%2Fplanifier-une-demo%2F|title:Planifier%20une%20d%C3%A9mo\u00a0\u00bb][\/vc_column][vc_column width=\u00a0\u00bb1\/2&Prime; offset=\u00a0\u00bbvc_hidden-sm vc_hidden-xs\u00a0\u00bb][vc_single_image image=\u00a0\u00bb72&Prime; img_size=\u00a0\u00bblarge\u00a0\u00bb alignment=\u00a0\u00bbcenter\u00a0\u00bb css=\u00a0\u00bb\u00a0\u00bb image_hovers=\u00a0\u00bbfalse\u00a0\u00bb lazy_loading=\u00a0\u00bbtrue\u00a0\u00bb][\/vc_column][vc_column offset=\u00a0\u00bbvc_hidden-lg vc_hidden-md\u00a0\u00bb][vc_single_image image=\u00a0\u00bb72&Prime; img_size=\u00a0\u00bblarge\u00a0\u00bb alignment=\u00a0\u00bbcenter\u00a0\u00bb css=\u00a0\u00bb\u00a0\u00bb image_hovers=\u00a0\u00bbfalse\u00a0\u00bb lazy_loading=\u00a0\u00bbtrue\u00a0\u00bb][vc_column_text css=\u00a0\u00bb\u00a0\u00bb]<\/p>\n<h2 style=\"text-align: center\">H\u00e9bergement cloud s\u00e9curis\u00e9<\/h2>\n<p style=\"text-align: center\">Vous pouvez dormir sur vos deux oreilles en sachant que toutes vos donn\u00e9es financi\u00e8res et de patients sont stock\u00e9es de mani\u00e8re crypt\u00e9e dans un environnement s\u00e9par\u00e9 sur des serveurs cloud hautement s\u00e9curis\u00e9s. Si rien de tout cela ne vous dit rien, sachez simplement que notre plateforme est incroyablement s\u00e9curis\u00e9e.<\/p>\n<p>[\/vc_column_text][vc_btn title=\u00a0\u00bbPlanifiez une d\u00e9monstration GRATUITE\u00a0\u00bb style=\u00a0\u00bboutline\u00a0\u00bb color=\u00a0\u00bbjuicy-pink\u00a0\u00bb align=\u00a0\u00bbcenter\u00a0\u00bb css=\u00a0\u00bb\u00a0\u00bb link=\u00a0\u00bburl:https%3A%2F%2Fprogressiveweb.solutions%2Fclinigothe7%2Ffr%2Fplanifier-une-demo%2F|title:Planifier%20une%20d%C3%A9mo\u00a0\u00bb][\/vc_column][\/vc_row][vc_row equal_height=\u00a0\u00bbyes\u00a0\u00bb content_placement=\u00a0\u00bbmiddle\u00a0\u00bb disable_element=\u00a0\u00bbyes\u00a0\u00bb][vc_column width=\u00a0\u00bb1\/2&Prime; offset=\u00a0\u00bbvc_hidden-sm vc_hidden-xs\u00a0\u00bb][vc_single_image image=\u00a0\u00bb203&Prime; img_size=\u00a0\u00bblarge\u00a0\u00bb alignment=\u00a0\u00bbcenter\u00a0\u00bb css=\u00a0\u00bb\u00a0\u00bb image_hovers=\u00a0\u00bbfalse\u00a0\u00bb lazy_loading=\u00a0\u00bbtrue\u00a0\u00bb][\/vc_column][vc_column width=\u00a0\u00bb1\/2&Prime; offset=\u00a0\u00bbvc_hidden-sm vc_hidden-xs\u00a0\u00bb][vc_column_text css=\u00a0\u00bb\u00a0\u00bb]<\/p>\n<h2 id=\"headline-466-4\" class=\"ct-headline saas-heading-two\">Logiciel de t\u00e9l\u00e9sant\u00e9<\/h2>\n<p>Logiciel de t\u00e9l\u00e9sant\u00e9 enti\u00e8rement int\u00e9gr\u00e9, sans frais suppl\u00e9mentaires ! Servez vos clients de n&rsquo;importe o\u00f9, sur n&rsquo;importe quel appareil, directement depuis l&rsquo;application Clinigo.io.<br \/>\n[\/vc_column_text][\/vc_column][vc_column offset=\u00a0\u00bbvc_hidden-lg vc_hidden-md\u00a0\u00bb][\/vc_column][\/vc_row][vc_row][vc_column][vc_row_inner equal_height=\u00a0\u00bbyes\u00a0\u00bb content_placement=\u00a0\u00bbmiddle\u00a0\u00bb][vc_column_inner width=\u00a0\u00bb7\/12&Prime; css=\u00a0\u00bb.vc_custom_1729566876712{padding-top: 35px !important;padding-right: 35px !important;padding-bottom: 35px !important;padding-left: 35px !important;background-color: #4dd0e1 !important;}\u00a0\u00bb][vc_column_text css=\u00a0\u00bb\u00a0\u00bb]<\/p>\n<h2><span style=\"color: #ffffff\">2% de tous les abonnements Clinigo.io sont vers\u00e9s \u00e0 des causes de sant\u00e9 mentale<\/span><\/h2>\n<p><span style=\"color: #ffffff\">Les services de sant\u00e9 mentale sont souvent sous-financ\u00e9s et inaccessibles. En faisant don d&rsquo;au moins 2 % de tous les abonnements \u00e0 des organismes de bienfaisance s\u00e9lectionn\u00e9s, nous nous effor\u00e7ons de faire notre part. En choisissant Clinigo.io, vous pouvez aussi faire le v\u00f4tre. Ensemble, nous pouvons faire une diff\u00e9rence tangible dans la vie des personnes qui en ont le plus besoin!<\/span>[\/vc_column_text][vc_btn title=\u00a0\u00bbInitiatives caritatives\u00a0\u00bb style=\u00a0\u00bboutline\u00a0\u00bb color=\u00a0\u00bbwhite\u00a0\u00bb css=\u00a0\u00bb\u00a0\u00bb link=\u00a0\u00bburl:https%3A%2F%2Fprogressiveweb.solutions%2Fclinigothe7%2Ffr%2Finitiatives-caritatives%2F|title:Initiatives%20caritatives\u00a0\u00bb][\/vc_column_inner][vc_column_inner width=\u00a0\u00bb5\/12&Prime; css=\u00a0\u00bb.vc_custom_1730476632880{padding-top: 150px !important;padding-bottom: 150px !important;background-image: url(http:\/\/clinigo.io\/wp-content\/uploads\/sites\/13\/2022\/11\/mental-health-chairities-clinigo.jpg?id=39) !important;background-position: center !important;background-repeat: no-repeat !important;background-size: cover !important;}\u00a0\u00bb][\/vc_column_inner][\/vc_row_inner][\/vc_column][\/vc_row][vc_row full_width=\u00a0\u00bbstretch_row\u00a0\u00bb css=\u00a0\u00bb.vc_custom_1729566718337{margin-top: 50px !important;margin-bottom: 0px !important;padding-top: 70px !important;padding-bottom: 70px !important;background-color: #4dd0e1 !important;}\u00a0\u00bb][vc_column][vc_column_text css=\u00a0\u00bb\u00a0\u00bb]<\/p>\n<h2 style=\"text-align: center\"><span style=\"color: #ffffff\">Essayez Clinigo.io GRATUITEMENT pendant 30 jours<\/span><\/h2>\n<p style=\"text-align: center\"><span style=\"color: #ffffff\">Aucune information de paiement requise. Cr\u00e9ez simplement un compte et obtenez un acc\u00e8s complet \u00e0 toutes les fonctionnalit\u00e9s. Lorsque vos 30 jours sont \u00e9coul\u00e9s, entrez vos informations de paiement et continuez \u00e0 profiter de tout ce que Clinigo.io a \u00e0 offrir.<\/span><\/p>\n<p>[\/vc_column_text][vc_btn title=\u00a0\u00bbObtenez votre essai GRATUIT de 30 jours\u00a0\u00bb style=\u00a0\u00bbflat\u00a0\u00bb color=\u00a0\u00bbwhite\u00a0\u00bb align=\u00a0\u00bbcenter\u00a0\u00bb i_icon_fontawesome=\u00a0\u00bbfar fa-thumbs-up\u00a0\u00bb css=\u00a0\u00bb\u00a0\u00bb add_icon=\u00a0\u00bbtrue\u00a0\u00bb link=\u00a0\u00bburl:https%3A%2F%2Fprogressiveweb.solutions%2Fclinigothe7%2Ffr%2Fessai-gratuit%2F|title:Free%20Trial\u00a0\u00bb][\/vc_column][\/vc_row]<\/p>\n<\/div>","protected":false},"excerpt":{"rendered":"<p>[vc_row][vc_column][\/vc_column][\/vc_row][vc_row equal_height=\u00a0\u00bbyes\u00a0\u00bb content_placement=\u00a0\u00bbmiddle\u00a0\u00bb css=\u00a0\u00bb.vc_custom_1729697904900{padding-top: 60px !important;padding-bottom: 60px !important;}\u00a0\u00bb][vc_column width=\u00a0\u00bb1\/2&Prime;][vc_single_image image=\u00a0\u00bb60&Prime; img_size=\u00a0\u00bblarge\u00a0\u00bb alignment=\u00a0\u00bbcenter\u00a0\u00bb css=\u00a0\u00bb\u00a0\u00bb image_hovers=\u00a0\u00bbfalse\u00a0\u00bb lazy_loading=\u00a0\u00bbtrue\u00a0\u00bb][\/vc_column][vc_column width=\u00a0\u00bb1\/2&Prime;][vc_column_text css=\u00a0\u00bb\u00a0\u00bb] Logiciel de gestion de clinique incroyablement robuste et facile d\u2019utilisation G\u00e9rez facilement tous les aspects de votre pratique [\/vc_column_text][\/vc_column][\/vc_row][vc_row full_width=\u00a0\u00bbstretch_row\u00a0\u00bb css=\u00a0\u00bb.vc_custom_1729567060869{padding-top: 95px !important;padding-bottom: 95px !important;background-color: #4dd0e1 !important;}\u00a0\u00bb][vc_column][vc_column_text css=\u00a0\u00bb\u00a0\u00bb] Vous pr\u00e9f\u00e9rez une d\u00e9monstration avec une touche humaine ? Laissez&hellip;<\/p>\n","protected":false},"author":1,"featured_media":112,"parent":0,"menu_order":0,"comment_status":"closed","ping_status":"closed","template":"","meta":{"_monsterinsights_skip_tracking":false,"_monsterinsights_sitenote_active":false,"_monsterinsights_sitenote_note":"","_monsterinsights_sitenote_category":0,"footnotes":""},"class_list":["post-458","page","type-page","status-publish","has-post-thumbnail","hentry","description-off"],"yoast_head":"<!-- This site is optimized with the Yoast SEO plugin v27.3 - https:\/\/yoast.com\/product\/yoast-seo-wordpress\/ -->\n<title>Accueil - Easy to Use Clinic Management Software | Clinigo.io<\/title>\n<meta name=\"robots\" content=\"index, follow, max-snippet:-1, max-image-preview:large, max-video-preview:-1\" \/>\n<link rel=\"canonical\" href=\"https:\/\/clinigo.io\/\" \/>\n<meta property=\"og:locale\" content=\"fr_FR\" \/>\n<meta property=\"og:type\" content=\"article\" \/>\n<meta property=\"og:title\" content=\"Accueil - Easy to Use Clinic Management Software | Clinigo.io\" \/>\n<meta property=\"og:description\" content=\"[vc_row][vc_column][\/vc_column][\/vc_row][vc_row equal_height=\u00a0\u00bbyes\u00a0\u00bb content_placement=\u00a0\u00bbmiddle\u00a0\u00bb css=\u00a0\u00bb.vc_custom_1729697904900{padding-top: 60px !important;padding-bottom: 60px !important;}\u00a0\u00bb][vc_column width=\u00a0\u00bb1\/2&Prime;][vc_single_image image=\u00a0\u00bb60&Prime; img_size=\u00a0\u00bblarge\u00a0\u00bb alignment=\u00a0\u00bbcenter\u00a0\u00bb css=\u00a0\u00bb\u00a0\u00bb image_hovers=\u00a0\u00bbfalse\u00a0\u00bb lazy_loading=\u00a0\u00bbtrue\u00a0\u00bb][\/vc_column][vc_column width=\u00a0\u00bb1\/2&Prime;][vc_column_text css=\u00a0\u00bb\u00a0\u00bb] Logiciel de gestion de clinique incroyablement robuste et facile d\u2019utilisation G\u00e9rez facilement tous les aspects de votre pratique [\/vc_column_text][\/vc_column][\/vc_row][vc_row full_width=\u00a0\u00bbstretch_row\u00a0\u00bb css=\u00a0\u00bb.vc_custom_1729567060869{padding-top: 95px !important;padding-bottom: 95px !important;background-color: #4dd0e1 !important;}\u00a0\u00bb][vc_column][vc_column_text css=\u00a0\u00bb\u00a0\u00bb] Vous pr\u00e9f\u00e9rez une d\u00e9monstration avec une touche humaine ? Laissez&hellip;\" \/>\n<meta property=\"og:url\" content=\"https:\/\/clinigo.io\/\" \/>\n<meta property=\"og:site_name\" content=\"Easy to Use Clinic Management Software | Clinigo.io\" \/>\n<meta property=\"og:image\" content=\"https:\/\/clinigo.io\/wp-content\/uploads\/sites\/10\/2022\/12\/clinigo-io-bilingual-practice-management-software-english-french.jpg\" \/>\n\t<meta property=\"og:image:width\" content=\"1920\" \/>\n\t<meta property=\"og:image:height\" content=\"1080\" \/>\n\t<meta property=\"og:image:type\" content=\"image\/jpeg\" \/>\n<meta name=\"twitter:card\" content=\"summary_large_image\" \/>\n<meta name=\"twitter:label1\" content=\"Dur\u00e9e de lecture estim\u00e9e\" \/>\n\t<meta name=\"twitter:data1\" content=\"5 minutes\" \/>\n<script type=\"application\/ld+json\" class=\"yoast-schema-graph\">{\"@context\":\"https:\\\/\\\/schema.org\",\"@graph\":[{\"@type\":\"WebPage\",\"@id\":\"https:\\\/\\\/clinigo.io\\\/\",\"url\":\"https:\\\/\\\/clinigo.io\\\/\",\"name\":\"Accueil - Easy to Use Clinic Management Software | Clinigo.io\",\"isPartOf\":{\"@id\":\"https:\\\/\\\/clinigo.io\\\/#website\"},\"primaryImageOfPage\":{\"@id\":\"https:\\\/\\\/clinigo.io\\\/#primaryimage\"},\"image\":{\"@id\":\"https:\\\/\\\/clinigo.io\\\/#primaryimage\"},\"thumbnailUrl\":\"https:\\\/\\\/clinigo.io\\\/wp-content\\\/uploads\\\/sites\\\/10\\\/2022\\\/12\\\/clinigo-io-bilingual-practice-management-software-english-french.jpg\",\"datePublished\":\"2024-10-22T02:53:13+00:00\",\"breadcrumb\":{\"@id\":\"https:\\\/\\\/clinigo.io\\\/#breadcrumb\"},\"inLanguage\":\"fr-FR\",\"potentialAction\":[{\"@type\":\"ReadAction\",\"target\":[\"https:\\\/\\\/clinigo.io\\\/\"]}]},{\"@type\":\"ImageObject\",\"inLanguage\":\"fr-FR\",\"@id\":\"https:\\\/\\\/clinigo.io\\\/#primaryimage\",\"url\":\"https:\\\/\\\/clinigo.io\\\/wp-content\\\/uploads\\\/sites\\\/10\\\/2022\\\/12\\\/clinigo-io-bilingual-practice-management-software-english-french.jpg\",\"contentUrl\":\"https:\\\/\\\/clinigo.io\\\/wp-content\\\/uploads\\\/sites\\\/10\\\/2022\\\/12\\\/clinigo-io-bilingual-practice-management-software-english-french.jpg\",\"width\":1920,\"height\":1080},{\"@type\":\"BreadcrumbList\",\"@id\":\"https:\\\/\\\/clinigo.io\\\/#breadcrumb\",\"itemListElement\":[{\"@type\":\"ListItem\",\"position\":1,\"name\":\"Home\",\"item\":\"https:\\\/\\\/clinigo.io\\\/\"},{\"@type\":\"ListItem\",\"position\":2,\"name\":\"Accueil\"}]},{\"@type\":\"WebSite\",\"@id\":\"https:\\\/\\\/clinigo.io\\\/#website\",\"url\":\"https:\\\/\\\/clinigo.io\\\/\",\"name\":\"Easy to Use Clinic Management Software | Clinigo.io\",\"description\":\"\",\"potentialAction\":[{\"@type\":\"SearchAction\",\"target\":{\"@type\":\"EntryPoint\",\"urlTemplate\":\"https:\\\/\\\/clinigo.io\\\/?s={search_term_string}\"},\"query-input\":{\"@type\":\"PropertyValueSpecification\",\"valueRequired\":true,\"valueName\":\"search_term_string\"}}],\"inLanguage\":\"fr-FR\"}]}<\/script>\n<!-- \/ Yoast SEO plugin. -->","yoast_head_json":{"title":"Accueil - Easy to Use Clinic Management Software | Clinigo.io","robots":{"index":"index","follow":"follow","max-snippet":"max-snippet:-1","max-image-preview":"max-image-preview:large","max-video-preview":"max-video-preview:-1"},"canonical":"https:\/\/clinigo.io\/","og_locale":"fr_FR","og_type":"article","og_title":"Accueil - Easy to Use Clinic Management Software | Clinigo.io","og_description":"[vc_row][vc_column][\/vc_column][\/vc_row][vc_row equal_height=\u00a0\u00bbyes\u00a0\u00bb content_placement=\u00a0\u00bbmiddle\u00a0\u00bb css=\u00a0\u00bb.vc_custom_1729697904900{padding-top: 60px !important;padding-bottom: 60px !important;}\u00a0\u00bb][vc_column width=\u00a0\u00bb1\/2&Prime;][vc_single_image image=\u00a0\u00bb60&Prime; img_size=\u00a0\u00bblarge\u00a0\u00bb alignment=\u00a0\u00bbcenter\u00a0\u00bb css=\u00a0\u00bb\u00a0\u00bb image_hovers=\u00a0\u00bbfalse\u00a0\u00bb lazy_loading=\u00a0\u00bbtrue\u00a0\u00bb][\/vc_column][vc_column width=\u00a0\u00bb1\/2&Prime;][vc_column_text css=\u00a0\u00bb\u00a0\u00bb] Logiciel de gestion de clinique incroyablement robuste et facile d\u2019utilisation G\u00e9rez facilement tous les aspects de votre pratique [\/vc_column_text][\/vc_column][\/vc_row][vc_row full_width=\u00a0\u00bbstretch_row\u00a0\u00bb css=\u00a0\u00bb.vc_custom_1729567060869{padding-top: 95px !important;padding-bottom: 95px !important;background-color: #4dd0e1 !important;}\u00a0\u00bb][vc_column][vc_column_text css=\u00a0\u00bb\u00a0\u00bb] Vous pr\u00e9f\u00e9rez une d\u00e9monstration avec une touche humaine ? Laissez&hellip;","og_url":"https:\/\/clinigo.io\/","og_site_name":"Easy to Use Clinic Management Software | Clinigo.io","og_image":[{"width":1920,"height":1080,"url":"https:\/\/clinigo.io\/wp-content\/uploads\/sites\/10\/2022\/12\/clinigo-io-bilingual-practice-management-software-english-french.jpg","type":"image\/jpeg"}],"twitter_card":"summary_large_image","twitter_misc":{"Dur\u00e9e de lecture estim\u00e9e":"5 minutes"},"schema":{"@context":"https:\/\/schema.org","@graph":[{"@type":"WebPage","@id":"https:\/\/clinigo.io\/","url":"https:\/\/clinigo.io\/","name":"Accueil - Easy to Use Clinic Management Software | Clinigo.io","isPartOf":{"@id":"https:\/\/clinigo.io\/#website"},"primaryImageOfPage":{"@id":"https:\/\/clinigo.io\/#primaryimage"},"image":{"@id":"https:\/\/clinigo.io\/#primaryimage"},"thumbnailUrl":"https:\/\/clinigo.io\/wp-content\/uploads\/sites\/10\/2022\/12\/clinigo-io-bilingual-practice-management-software-english-french.jpg","datePublished":"2024-10-22T02:53:13+00:00","breadcrumb":{"@id":"https:\/\/clinigo.io\/#breadcrumb"},"inLanguage":"fr-FR","potentialAction":[{"@type":"ReadAction","target":["https:\/\/clinigo.io\/"]}]},{"@type":"ImageObject","inLanguage":"fr-FR","@id":"https:\/\/clinigo.io\/#primaryimage","url":"https:\/\/clinigo.io\/wp-content\/uploads\/sites\/10\/2022\/12\/clinigo-io-bilingual-practice-management-software-english-french.jpg","contentUrl":"https:\/\/clinigo.io\/wp-content\/uploads\/sites\/10\/2022\/12\/clinigo-io-bilingual-practice-management-software-english-french.jpg","width":1920,"height":1080},{"@type":"BreadcrumbList","@id":"https:\/\/clinigo.io\/#breadcrumb","itemListElement":[{"@type":"ListItem","position":1,"name":"Home","item":"https:\/\/clinigo.io\/"},{"@type":"ListItem","position":2,"name":"Accueil"}]},{"@type":"WebSite","@id":"https:\/\/clinigo.io\/#website","url":"https:\/\/clinigo.io\/","name":"Easy to Use Clinic Management Software | Clinigo.io","description":"","potentialAction":[{"@type":"SearchAction","target":{"@type":"EntryPoint","urlTemplate":"https:\/\/clinigo.io\/?s={search_term_string}"},"query-input":{"@type":"PropertyValueSpecification","valueRequired":true,"valueName":"search_term_string"}}],"inLanguage":"fr-FR"}]}},"_links":{"self":[{"href":"https:\/\/clinigo.io\/fr\/wp-json\/wp\/v2\/pages\/458","targetHints":{"allow":["GET"]}}],"collection":[{"href":"https:\/\/clinigo.io\/fr\/wp-json\/wp\/v2\/pages"}],"about":[{"href":"https:\/\/clinigo.io\/fr\/wp-json\/wp\/v2\/types\/page"}],"author":[{"embeddable":true,"href":"https:\/\/clinigo.io\/fr\/wp-json\/wp\/v2\/users\/1"}],"replies":[{"embeddable":true,"href":"https:\/\/clinigo.io\/fr\/wp-json\/wp\/v2\/comments?post=458"}],"version-history":[{"count":1,"href":"https:\/\/clinigo.io\/fr\/wp-json\/wp\/v2\/pages\/458\/revisions"}],"predecessor-version":[{"id":726,"href":"https:\/\/clinigo.io\/fr\/wp-json\/wp\/v2\/pages\/458\/revisions\/726"}],"wp:featuredmedia":[{"embeddable":true,"href":"https:\/\/clinigo.io\/fr\/wp-json\/wp\/v2\/media\/112"}],"wp:attachment":[{"href":"https:\/\/clinigo.io\/fr\/wp-json\/wp\/v2\/media?parent=458"}],"curies":[{"name":"wp","href":"https:\/\/api.w.org\/{rel}","templated":true}]}}