{"id":475,"date":"2024-10-22T03:30:40","date_gmt":"2024-10-22T03:30:40","guid":{"rendered":"https:\/\/progressiveweb.solutions\/clinigothe7\/?page_id=475"},"modified":"2024-10-22T03:30:40","modified_gmt":"2024-10-22T03:30:40","slug":"blogue","status":"publish","type":"page","link":"https:\/\/clinigo.io\/fr\/blogue\/","title":{"rendered":"Blogue"},"content":{"rendered":"<div class=\"wpb-content-wrapper\"><p>[vc_row][vc_column][vc_basic_grid post_type=\u00a0\u00bbpost\u00a0\u00bb max_items=\u00a0\u00bb-1&Prime; style=\u00a0\u00bbload-more\u00a0\u00bb items_per_page=\u00a0\u00bb9&Prime; show_filter=\u00a0\u00bbyes\u00a0\u00bb grid_id=\u00a0\u00bbvc_gid:1730212956254-f3eb1222-5cd3-1&Prime; filter_source=\u00a0\u00bbcategory\u00a0\u00bb][\/vc_column][\/vc_row][vc_row][vc_column][vc_separator el_width=\u00a0\u00bb60&Prime; css=\u00a0\u00bb.vc_custom_1614324888761{margin-top: 35px !important;margin-bottom: 35px !important;}\u00a0\u00bb][\/vc_column][\/vc_row][vc_row css=\u00a0\u00bb.vc_custom_1611559536074{margin-top: 50px !important;}\u00a0\u00bb][vc_column][vc_column_text css=\u00a0\u00bb\u00a0\u00bb]<\/p>\n<h2 style=\"text-align: center\">Clinigo.io vous offre une tonne de foncitonalit\u00e9 \u00e0 prix modique<\/h2>\n<h3 style=\"text-align: center\">Aucun contrat \u00e0 long terme. Qu&rsquo;avez-vous \u00e0 perdre ?<\/h3>\n<p>[\/vc_column_text][vc_row_inner equal_height=\u00a0\u00bbyes\u00a0\u00bb content_placement=\u00a0\u00bbmiddle\u00a0\u00bb][vc_column_inner width=\u00a0\u00bb1\/3&Prime;]<style type=\"text\/css\" data-type=\"the7_shortcodes-inline-css\">#default-btn-aad66315fb3e6e03134c100d6abb0042.ico-right-side > i {\n  margin-right: 0px;\n  margin-left: 8px;\n}\n#default-btn-aad66315fb3e6e03134c100d6abb0042 > i {\n  margin-right: 8px;\n}<\/style><div class=\"btn-align-center\"><a href=\"https:\/\/progressiveweb.solutions\/clinigothe7\/fr\/essai-gratuit\/\" class=\"default-btn-shortcode dt-btn dt-btn-l zoomInLeft animate-element animation-builder link-hover-off \" id=\"default-btn-aad66315fb3e6e03134c100d6abb0042\" title=\"Sign Up Now\"><span>Essai de 30 jours gratuit<\/span><\/a><\/div>[\/vc_column_inner][vc_column_inner width=\u00a0\u00bb1\/3&Prime;][vc_single_image image=\u00a0\u00bb503&Prime; img_size=\u00a0\u00bblarge\u00a0\u00bb alignment=\u00a0\u00bbcenter\u00a0\u00bb css=\u00a0\u00bb\u00a0\u00bb image_hovers=\u00a0\u00bbfalse\u00a0\u00bb][\/vc_column_inner][vc_column_inner width=\u00a0\u00bb1\/3&Prime;]<style type=\"text\/css\" data-type=\"the7_shortcodes-inline-css\">#default-btn-5917a332ce46a1ba4e1665ccf32b8275.ico-right-side > i {\n  margin-right: 0px;\n  margin-left: 8px;\n}\n#default-btn-5917a332ce46a1ba4e1665ccf32b8275 > i {\n  margin-right: 8px;\n}<\/style><div class=\"btn-align-center\"><a href=\"https:\/\/progressiveweb.solutions\/clinigothe7\/fr\/planifier-une-demo\/\" class=\"default-btn-shortcode dt-btn dt-btn-l zoomInLeft animate-element animation-builder link-hover-off \" id=\"default-btn-5917a332ce46a1ba4e1665ccf32b8275\" title=\"FREE Demo\"><span>D\u00e9mo guid\u00e9e<\/span><\/a><\/div>[\/vc_column_inner][\/vc_row_inner][\/vc_column][\/vc_row]<\/p>\n<\/div>","protected":false},"excerpt":{"rendered":"<p>[vc_row][vc_column][vc_basic_grid post_type=\u00a0\u00bbpost\u00a0\u00bb max_items=\u00a0\u00bb-1&Prime; style=\u00a0\u00bbload-more\u00a0\u00bb items_per_page=\u00a0\u00bb9&Prime; show_filter=\u00a0\u00bbyes\u00a0\u00bb grid_id=\u00a0\u00bbvc_gid:1730212956254-f3eb1222-5cd3-1&Prime; filter_source=\u00a0\u00bbcategory\u00a0\u00bb][\/vc_column][\/vc_row][vc_row][vc_column][vc_separator el_width=\u00a0\u00bb60&Prime; css=\u00a0\u00bb.vc_custom_1614324888761{margin-top: 35px !important;margin-bottom: 35px !important;}\u00a0\u00bb][\/vc_column][\/vc_row][vc_row css=\u00a0\u00bb.vc_custom_1611559536074{margin-top: 50px !important;}\u00a0\u00bb][vc_column][vc_column_text css=\u00a0\u00bb\u00a0\u00bb] Clinigo.io vous offre une tonne de foncitonalit\u00e9 \u00e0 prix modique Aucun contrat \u00e0 long terme. Qu&rsquo;avez-vous \u00e0 perdre ? [\/vc_column_text][vc_row_inner equal_height=\u00a0\u00bbyes\u00a0\u00bb content_placement=\u00a0\u00bbmiddle\u00a0\u00bb][vc_column_inner width=\u00a0\u00bb1\/3&Prime;][\/vc_column_inner][vc_column_inner width=\u00a0\u00bb1\/3&Prime;][vc_single_image image=\u00a0\u00bb503&Prime; img_size=\u00a0\u00bblarge\u00a0\u00bb alignment=\u00a0\u00bbcenter\u00a0\u00bb css=\u00a0\u00bb\u00a0\u00bb image_hovers=\u00a0\u00bbfalse\u00a0\u00bb][\/vc_column_inner][vc_column_inner width=\u00a0\u00bb1\/3&Prime;][\/vc_column_inner][\/vc_row_inner][\/vc_column][\/vc_row]<\/p>\n","protected":false},"author":1,"featured_media":112,"parent":0,"menu_order":0,"comment_status":"closed","ping_status":"closed","template":"","meta":{"_monsterinsights_skip_tracking":false,"_monsterinsights_sitenote_active":false,"_monsterinsights_sitenote_note":"","_monsterinsights_sitenote_category":0,"footnotes":""},"class_list":["post-475","page","type-page","status-publish","has-post-thumbnail","hentry","description-off"],"yoast_head":"<!-- This site is optimized with the Yoast SEO plugin v27.3 - https:\/\/yoast.com\/product\/yoast-seo-wordpress\/ -->\n<title>Blogue - Easy to Use Clinic Management Software | Clinigo.io<\/title>\n<meta name=\"robots\" content=\"index, follow, max-snippet:-1, max-image-preview:large, max-video-preview:-1\" \/>\n<link rel=\"canonical\" href=\"https:\/\/clinigo.io\/blog\/\" \/>\n<meta property=\"og:locale\" content=\"fr_FR\" \/>\n<meta property=\"og:type\" content=\"article\" \/>\n<meta property=\"og:title\" content=\"Blogue - Easy to Use Clinic Management Software | Clinigo.io\" \/>\n<meta property=\"og:description\" content=\"[vc_row][vc_column][vc_basic_grid post_type=\u00a0\u00bbpost\u00a0\u00bb max_items=\u00a0\u00bb-1&Prime; style=\u00a0\u00bbload-more\u00a0\u00bb items_per_page=\u00a0\u00bb9&Prime; show_filter=\u00a0\u00bbyes\u00a0\u00bb grid_id=\u00a0\u00bbvc_gid:1730212956254-f3eb1222-5cd3-1&Prime; filter_source=\u00a0\u00bbcategory\u00a0\u00bb][\/vc_column][\/vc_row][vc_row][vc_column][vc_separator el_width=\u00a0\u00bb60&Prime; css=\u00a0\u00bb.vc_custom_1614324888761{margin-top: 35px !important;margin-bottom: 35px !important;}\u00a0\u00bb][\/vc_column][\/vc_row][vc_row css=\u00a0\u00bb.vc_custom_1611559536074{margin-top: 50px !important;}\u00a0\u00bb][vc_column][vc_column_text css=\u00a0\u00bb\u00a0\u00bb] Clinigo.io vous offre une tonne de foncitonalit\u00e9 \u00e0 prix modique Aucun contrat \u00e0 long terme. Qu&rsquo;avez-vous \u00e0 perdre ? [\/vc_column_text][vc_row_inner equal_height=\u00a0\u00bbyes\u00a0\u00bb content_placement=\u00a0\u00bbmiddle\u00a0\u00bb][vc_column_inner width=\u00a0\u00bb1\/3&Prime;][\/vc_column_inner][vc_column_inner width=\u00a0\u00bb1\/3&Prime;][vc_single_image image=\u00a0\u00bb503&Prime; img_size=\u00a0\u00bblarge\u00a0\u00bb alignment=\u00a0\u00bbcenter\u00a0\u00bb css=\u00a0\u00bb\u00a0\u00bb image_hovers=\u00a0\u00bbfalse\u00a0\u00bb][\/vc_column_inner][vc_column_inner width=\u00a0\u00bb1\/3&Prime;][\/vc_column_inner][\/vc_row_inner][\/vc_column][\/vc_row]\" \/>\n<meta property=\"og:url\" content=\"https:\/\/clinigo.io\/blog\/\" \/>\n<meta property=\"og:site_name\" content=\"Easy to Use Clinic Management Software | Clinigo.io\" \/>\n<meta property=\"og:image\" content=\"https:\/\/clinigo.io\/wp-content\/uploads\/sites\/10\/2022\/12\/clinigo-io-bilingual-practice-management-software-english-french.jpg\" \/>\n\t<meta property=\"og:image:width\" content=\"1920\" \/>\n\t<meta property=\"og:image:height\" content=\"1080\" \/>\n\t<meta property=\"og:image:type\" content=\"image\/jpeg\" \/>\n<meta name=\"twitter:card\" content=\"summary_large_image\" \/>\n<meta name=\"twitter:label1\" content=\"Dur\u00e9e de lecture estim\u00e9e\" \/>\n\t<meta name=\"twitter:data1\" content=\"1 minute\" \/>\n<script type=\"application\/ld+json\" class=\"yoast-schema-graph\">{\"@context\":\"https:\\\/\\\/schema.org\",\"@graph\":[{\"@type\":\"WebPage\",\"@id\":\"https:\\\/\\\/clinigo.io\\\/blog\\\/\",\"url\":\"https:\\\/\\\/clinigo.io\\\/blog\\\/\",\"name\":\"Blogue - Easy to Use Clinic Management Software | Clinigo.io\",\"isPartOf\":{\"@id\":\"https:\\\/\\\/clinigo.io\\\/#website\"},\"primaryImageOfPage\":{\"@id\":\"https:\\\/\\\/clinigo.io\\\/blog\\\/#primaryimage\"},\"image\":{\"@id\":\"https:\\\/\\\/clinigo.io\\\/blog\\\/#primaryimage\"},\"thumbnailUrl\":\"https:\\\/\\\/clinigo.io\\\/wp-content\\\/uploads\\\/sites\\\/10\\\/2022\\\/12\\\/clinigo-io-bilingual-practice-management-software-english-french.jpg\",\"datePublished\":\"2024-10-22T03:30:40+00:00\",\"breadcrumb\":{\"@id\":\"https:\\\/\\\/clinigo.io\\\/blog\\\/#breadcrumb\"},\"inLanguage\":\"fr-FR\",\"potentialAction\":[{\"@type\":\"ReadAction\",\"target\":[\"https:\\\/\\\/clinigo.io\\\/blog\\\/\"]}]},{\"@type\":\"ImageObject\",\"inLanguage\":\"fr-FR\",\"@id\":\"https:\\\/\\\/clinigo.io\\\/blog\\\/#primaryimage\",\"url\":\"https:\\\/\\\/clinigo.io\\\/wp-content\\\/uploads\\\/sites\\\/10\\\/2022\\\/12\\\/clinigo-io-bilingual-practice-management-software-english-french.jpg\",\"contentUrl\":\"https:\\\/\\\/clinigo.io\\\/wp-content\\\/uploads\\\/sites\\\/10\\\/2022\\\/12\\\/clinigo-io-bilingual-practice-management-software-english-french.jpg\",\"width\":1920,\"height\":1080},{\"@type\":\"BreadcrumbList\",\"@id\":\"https:\\\/\\\/clinigo.io\\\/blog\\\/#breadcrumb\",\"itemListElement\":[{\"@type\":\"ListItem\",\"position\":1,\"name\":\"Home\",\"item\":\"https:\\\/\\\/clinigo.io\\\/\"},{\"@type\":\"ListItem\",\"position\":2,\"name\":\"Blogue\"}]},{\"@type\":\"WebSite\",\"@id\":\"https:\\\/\\\/clinigo.io\\\/#website\",\"url\":\"https:\\\/\\\/clinigo.io\\\/\",\"name\":\"Easy to Use Clinic Management Software | Clinigo.io\",\"description\":\"\",\"potentialAction\":[{\"@type\":\"SearchAction\",\"target\":{\"@type\":\"EntryPoint\",\"urlTemplate\":\"https:\\\/\\\/clinigo.io\\\/?s={search_term_string}\"},\"query-input\":{\"@type\":\"PropertyValueSpecification\",\"valueRequired\":true,\"valueName\":\"search_term_string\"}}],\"inLanguage\":\"fr-FR\"}]}<\/script>\n<!-- \/ Yoast SEO plugin. -->","yoast_head_json":{"title":"Blogue - Easy to Use Clinic Management Software | Clinigo.io","robots":{"index":"index","follow":"follow","max-snippet":"max-snippet:-1","max-image-preview":"max-image-preview:large","max-video-preview":"max-video-preview:-1"},"canonical":"https:\/\/clinigo.io\/blog\/","og_locale":"fr_FR","og_type":"article","og_title":"Blogue - Easy to Use Clinic Management Software | Clinigo.io","og_description":"[vc_row][vc_column][vc_basic_grid post_type=\u00a0\u00bbpost\u00a0\u00bb max_items=\u00a0\u00bb-1&Prime; style=\u00a0\u00bbload-more\u00a0\u00bb items_per_page=\u00a0\u00bb9&Prime; show_filter=\u00a0\u00bbyes\u00a0\u00bb grid_id=\u00a0\u00bbvc_gid:1730212956254-f3eb1222-5cd3-1&Prime; filter_source=\u00a0\u00bbcategory\u00a0\u00bb][\/vc_column][\/vc_row][vc_row][vc_column][vc_separator el_width=\u00a0\u00bb60&Prime; css=\u00a0\u00bb.vc_custom_1614324888761{margin-top: 35px !important;margin-bottom: 35px !important;}\u00a0\u00bb][\/vc_column][\/vc_row][vc_row css=\u00a0\u00bb.vc_custom_1611559536074{margin-top: 50px !important;}\u00a0\u00bb][vc_column][vc_column_text css=\u00a0\u00bb\u00a0\u00bb] Clinigo.io vous offre une tonne de foncitonalit\u00e9 \u00e0 prix modique Aucun contrat \u00e0 long terme. Qu&rsquo;avez-vous \u00e0 perdre ? [\/vc_column_text][vc_row_inner equal_height=\u00a0\u00bbyes\u00a0\u00bb content_placement=\u00a0\u00bbmiddle\u00a0\u00bb][vc_column_inner width=\u00a0\u00bb1\/3&Prime;][\/vc_column_inner][vc_column_inner width=\u00a0\u00bb1\/3&Prime;][vc_single_image image=\u00a0\u00bb503&Prime; img_size=\u00a0\u00bblarge\u00a0\u00bb alignment=\u00a0\u00bbcenter\u00a0\u00bb css=\u00a0\u00bb\u00a0\u00bb image_hovers=\u00a0\u00bbfalse\u00a0\u00bb][\/vc_column_inner][vc_column_inner width=\u00a0\u00bb1\/3&Prime;][\/vc_column_inner][\/vc_row_inner][\/vc_column][\/vc_row]","og_url":"https:\/\/clinigo.io\/blog\/","og_site_name":"Easy to Use Clinic Management Software | Clinigo.io","og_image":[{"width":1920,"height":1080,"url":"https:\/\/clinigo.io\/wp-content\/uploads\/sites\/10\/2022\/12\/clinigo-io-bilingual-practice-management-software-english-french.jpg","type":"image\/jpeg"}],"twitter_card":"summary_large_image","twitter_misc":{"Dur\u00e9e de lecture estim\u00e9e":"1 minute"},"schema":{"@context":"https:\/\/schema.org","@graph":[{"@type":"WebPage","@id":"https:\/\/clinigo.io\/blog\/","url":"https:\/\/clinigo.io\/blog\/","name":"Blogue - Easy to Use Clinic Management Software | Clinigo.io","isPartOf":{"@id":"https:\/\/clinigo.io\/#website"},"primaryImageOfPage":{"@id":"https:\/\/clinigo.io\/blog\/#primaryimage"},"image":{"@id":"https:\/\/clinigo.io\/blog\/#primaryimage"},"thumbnailUrl":"https:\/\/clinigo.io\/wp-content\/uploads\/sites\/10\/2022\/12\/clinigo-io-bilingual-practice-management-software-english-french.jpg","datePublished":"2024-10-22T03:30:40+00:00","breadcrumb":{"@id":"https:\/\/clinigo.io\/blog\/#breadcrumb"},"inLanguage":"fr-FR","potentialAction":[{"@type":"ReadAction","target":["https:\/\/clinigo.io\/blog\/"]}]},{"@type":"ImageObject","inLanguage":"fr-FR","@id":"https:\/\/clinigo.io\/blog\/#primaryimage","url":"https:\/\/clinigo.io\/wp-content\/uploads\/sites\/10\/2022\/12\/clinigo-io-bilingual-practice-management-software-english-french.jpg","contentUrl":"https:\/\/clinigo.io\/wp-content\/uploads\/sites\/10\/2022\/12\/clinigo-io-bilingual-practice-management-software-english-french.jpg","width":1920,"height":1080},{"@type":"BreadcrumbList","@id":"https:\/\/clinigo.io\/blog\/#breadcrumb","itemListElement":[{"@type":"ListItem","position":1,"name":"Home","item":"https:\/\/clinigo.io\/"},{"@type":"ListItem","position":2,"name":"Blogue"}]},{"@type":"WebSite","@id":"https:\/\/clinigo.io\/#website","url":"https:\/\/clinigo.io\/","name":"Easy to Use Clinic Management Software | Clinigo.io","description":"","potentialAction":[{"@type":"SearchAction","target":{"@type":"EntryPoint","urlTemplate":"https:\/\/clinigo.io\/?s={search_term_string}"},"query-input":{"@type":"PropertyValueSpecification","valueRequired":true,"valueName":"search_term_string"}}],"inLanguage":"fr-FR"}]}},"_links":{"self":[{"href":"https:\/\/clinigo.io\/fr\/wp-json\/wp\/v2\/pages\/475","targetHints":{"allow":["GET"]}}],"collection":[{"href":"https:\/\/clinigo.io\/fr\/wp-json\/wp\/v2\/pages"}],"about":[{"href":"https:\/\/clinigo.io\/fr\/wp-json\/wp\/v2\/types\/page"}],"author":[{"embeddable":true,"href":"https:\/\/clinigo.io\/fr\/wp-json\/wp\/v2\/users\/1"}],"replies":[{"embeddable":true,"href":"https:\/\/clinigo.io\/fr\/wp-json\/wp\/v2\/comments?post=475"}],"version-history":[{"count":0,"href":"https:\/\/clinigo.io\/fr\/wp-json\/wp\/v2\/pages\/475\/revisions"}],"wp:featuredmedia":[{"embeddable":true,"href":"https:\/\/clinigo.io\/fr\/wp-json\/wp\/v2\/media\/112"}],"wp:attachment":[{"href":"https:\/\/clinigo.io\/fr\/wp-json\/wp\/v2\/media?parent=475"}],"curies":[{"name":"wp","href":"https:\/\/api.w.org\/{rel}","templated":true}]}}