{"id":492,"date":"2024-10-22T03:35:17","date_gmt":"2024-10-22T03:35:17","guid":{"rendered":"https:\/\/progressiveweb.solutions\/clinigothe7\/?page_id=492"},"modified":"2024-10-22T03:35:17","modified_gmt":"2024-10-22T03:35:17","slug":"telesante","status":"publish","type":"page","link":"https:\/\/clinigo.io\/fr\/telesante\/","title":{"rendered":"T\u00e9l\u00e9sant\u00e9"},"content":{"rendered":"<div class=\"wpb-content-wrapper\"><p>[vc_row full_width=\u00a0\u00bbstretch_row\u00a0\u00bb css=\u00a0\u00bb.vc_custom_1729608936450{padding-top: 80px !important;padding-bottom: 160px !important;background-color: #4dd0e1 !important;}\u00a0\u00bb][vc_column][vc_column_text css=\u00a0\u00bb\u00a0\u00bb]<\/p>\n<h1 style=\"text-align: center\"><span style=\"color: #ffffff\">T\u00e9l\u00e9sant\u00e9<\/span><\/h1>\n<p style=\"text-align: center\"><span style=\"color: #ffffff\">Emb\u00eatez de toujours devoir payer des suppl\u00e9ments pour Zoom ou d&rsquo;autres applications? Optez pour Clinigo. Avec notre logiciel, vous pouvez avoir des consultations vid\u00e9o avec vos patients o\u00f9 que vous soyez et ce, sans avoir \u00e0 payer ou utiliser une application tierce.<\/span><\/p>\n<p>[\/vc_column_text][\/vc_column][\/vc_row][vc_row css=\u00a0\u00bb.vc_custom_1729608755985{margin-top: -180px !important;}\u00a0\u00bb][vc_column][vc_single_image image=\u00a0\u00bb178&Prime; img_size=\u00a0\u00bblarge\u00a0\u00bb alignment=\u00a0\u00bbcenter\u00a0\u00bb css=\u00a0\u00bb\u00a0\u00bb][\/vc_column][\/vc_row][vc_row gap=\u00a0\u00bb35&Prime;][vc_column][vc_column_text css=\u00a0\u00bb\u00a0\u00bb]<\/p>\n<h2>Offrez des soins \u00e0 vos clients peu importe o\u00f9 que vous soyez et depuis n&rsquo;importe quel appareil ayant une connexion Internet!<\/h2>\n<p>Vous utilisez toujours plusieurs applications, ou m\u00eame, payez pour plusieurs abonnements ?<\/p>\n<p>Avec le logiciel de gestion de cabinet Clinigo.io, vous obtenez une application de t\u00e9l\u00e9sant\u00e9 compl\u00e8te int\u00e9gr\u00e9e directement dans votre logiciel de gestion.<\/p>\n<p>Le logiciel de t\u00e9l\u00e9sant\u00e9 de Clingo.io vous permet de prendre soin de vos clients gr\u00e2ce \u00e0 des consultations vid\u00e9o en direct.<\/p>\n<p>Tout comme \u00e0 votre clinique, vous pouvez organiser et g\u00e9rer des s\u00e9ances avec vos clients, recommander des traitements et offrir des soins de suivi. Le tout est possible gr\u00e2ce \u00e0 une connexion vid\u00e9o et audio s\u00e9curis\u00e9e et de haute qualit\u00e9.<\/p>\n<p>Traitez n&rsquo;importe qui de n&rsquo;importe o\u00f9 &#8211; vous n&rsquo;\u00eates plus limit\u00e9 par l&#8217;emplacement, les fuseaux horaires ou les restrictions de voyage.<\/p>\n<p>Vous avez un patient \u00e0 haut risque qui doit rester \u00e0 la maison? Un client \u00e2g\u00e9 avec des probl\u00e8mes de mobilit\u00e9? Quelqu&rsquo;un qui vit dans une zone rurale lointaine? Aucun probl\u00e8me!<\/p>\n<p>Vous pouvez tous les aider via votre ordinateur, votre tablette ou votre appareil mobile tant que vous avez acc\u00e8s \u00e0 Internet.[\/vc_column_text][vc_column_text css=\u00a0\u00bb\u00a0\u00bb]<\/p>\n<h2>Comment \u00e7a fonctionne<\/h2>\n<p>Les clients peuvent prendre rendez-vous par t\u00e9l\u00e9phone ou en utilisant le syst\u00e8me de r\u00e9servation en ligne de Clinigo.io. Ils recevront un courriel de confirmation avec un lien qui leur permettra de se connecter facilement \u00e0 l&rsquo;appel.<\/p>\n<p>De cette fa\u00e7on, lorsque l&rsquo;heure de leur rendez-vous arrive, tout ce que votre patient doit faire est de suivre le lien. Il sera dirig\u00e9 dans la salle de traitement virtuelle o\u00f9 vous le rejoindrez. Aucun identifiant ou mot de passe ne sont requis. Vous \u00eates dans la salle virtuelle en un seul clic!<\/p>\n<p>Il n\u2019y a aucune attrape, c\u2019est vraiment aussi simple d\u2019utilisation![\/vc_column_text][vc_column_text css=\u00a0\u00bb\u00a0\u00bb]<\/p>\n<h2>S\u00e9curit\u00e9 et conformit\u00e9<\/h2>\n<p>Tous les appels vid\u00e9o sont s\u00e9curis\u00e9s avec un cryptage de fond en comble et r\u00e9pondent aux m\u00eames normes strictes de confidentialit\u00e9 et de s\u00e9curit\u00e9, tout comme toutes les autres fonctionnalit\u00e9s de Clinigo.io.<\/p>\n<p>Vous pouvez avoir une tranquillit\u00e9 d\u2019esprit en sachant que vos consultations sont enti\u00e8rement priv\u00e9es, s\u00e9curis\u00e9es et seront conserv\u00e9es entre vous et vos clients.<\/p>\n<p>Clinigo.io prot\u00e8ge vos dossiers et toutes les fonctionnalit\u00e9s sont con\u00e7ues pour r\u00e9pondre aux r\u00e9glementations de protection des donn\u00e9es.[\/vc_column_text][\/vc_column][\/vc_row][vc_row gap=\u00a0\u00bb35&Prime;][vc_column width=\u00a0\u00bb1\/4&Prime;][vc_icon type=\u00a0\u00bbthe7&Prime; icon_the7=\u00a0\u00bbDefaults-rocket\u00a0\u00bb color=\u00a0\u00bbcustom\u00a0\u00bb size=\u00a0\u00bbxl\u00a0\u00bb align=\u00a0\u00bbcenter\u00a0\u00bb css=\u00a0\u00bb\u00a0\u00bb custom_color=\u00a0\u00bb#4dd0e1&Prime;][vc_column_text css=\u00a0\u00bb\u00a0\u00bb]<\/p>\n<h3 style=\"text-align: center\">S\u00e9ances illimit\u00e9es<\/h3>\n<p style=\"text-align: center\">Aucune limite sur le nombre de s\u00e9ances que vous pouvez r\u00e9server.<\/p>\n<p>[\/vc_column_text][\/vc_column][vc_column width=\u00a0\u00bb1\/4&Prime;][vc_icon icon_fontawesome=\u00a0\u00bbfar fa-clock\u00a0\u00bb color=\u00a0\u00bbcustom\u00a0\u00bb size=\u00a0\u00bbxl\u00a0\u00bb align=\u00a0\u00bbcenter\u00a0\u00bb css=\u00a0\u00bb\u00a0\u00bb custom_color=\u00a0\u00bb#4dd0e1&Prime;][vc_column_text css=\u00a0\u00bb\u00a0\u00bb]<\/p>\n<h3 style=\"text-align: center\">Dur\u00e9e de s\u00e9ances illimit\u00e9e<\/h3>\n<p style=\"text-align: center\">Aucune limite de temps pour les s\u00e9ances en t\u00e9l\u00e9sant\u00e9<\/p>\n<p>[\/vc_column_text][\/vc_column][vc_column width=\u00a0\u00bb1\/4&Prime;][vc_icon icon_fontawesome=\u00a0\u00bbfas fa-video\u00a0\u00bb color=\u00a0\u00bbcustom\u00a0\u00bb size=\u00a0\u00bbxl\u00a0\u00bb align=\u00a0\u00bbcenter\u00a0\u00bb css=\u00a0\u00bb\u00a0\u00bb custom_color=\u00a0\u00bb#4dd0e1&Prime;][vc_column_text css=\u00a0\u00bb\u00a0\u00bb]<\/p>\n<h3 style=\"text-align: center\">Vid\u00e9o et audio HD<\/h3>\n<p style=\"text-align: center\">Communiquez en audio et vid\u00e9o haute d\u00e9finition<\/p>\n<p>[\/vc_column_text][\/vc_column][vc_column width=\u00a0\u00bb1\/4&Prime;][vc_icon icon_fontawesome=\u00a0\u00bbfas fa-lock\u00a0\u00bb color=\u00a0\u00bbcustom\u00a0\u00bb size=\u00a0\u00bbxl\u00a0\u00bb align=\u00a0\u00bbcenter\u00a0\u00bb css=\u00a0\u00bb\u00a0\u00bb custom_color=\u00a0\u00bb#4dd0e1&Prime;][vc_column_text css=\u00a0\u00bb\u00a0\u00bb]<\/p>\n<h3 style=\"text-align: center\">H\u00e9bergement priv\u00e9 et s\u00e9curis\u00e9<\/h3>\n<p style=\"text-align: center\">H\u00e9bergement enti\u00e8rement crypt\u00e9 et hautement s\u00e9curis\u00e9<\/p>\n<p>[\/vc_column_text][\/vc_column][\/vc_row][vc_row][vc_column][vc_column_text css=\u00a0\u00bb\u00a0\u00bb]<\/p>\n<h2>Pourquoi vous devriez utiliser un logiciel de t\u00e9l\u00e9sant\u00e9<\/h2>\n<p><strong>Accessibilit\u00e9 accrue\u00a0:<\/strong><\/p>\n<p>Bien entendu, le principal avantage de l&rsquo;utilisation d&rsquo;un logiciel de t\u00e9l\u00e9sant\u00e9 est qu&rsquo;il vous permet de fournir des soins aux clients, quel que soit votre emplacement ou celui du client. Cela signifie que vous pouvez atteindre des clients qui n&rsquo;ont peut-\u00eatre pas acc\u00e8s \u00e0 des soins en personne en raison de contraintes g\u00e9ographiques, financi\u00e8res ou logistiques, ou des clients qui peuvent se trouver en dehors de votre emplacement g\u00e9ographique imm\u00e9diat et qui ne seraient pas dispos\u00e9s ou en mesure de se rendre \u00e0 votre bureau pour une s\u00e9ance. Non seulement cela augmente le march\u00e9 total adressable pour votre cabinet, mais cela vous permet \u00e9galement une plus grande flexibilit\u00e9 dans le choix de votre lieu de travail\u00a0!<\/p>\n<p><strong>Gain de temps\u00a0:<\/strong><\/p>\n<p>Les logiciels de t\u00e9l\u00e9sant\u00e9 peuvent faire gagner du temps aux th\u00e9rapeutes et aux clients. Sans avoir besoin de se d\u00e9placer pour se rendre \u00e0 des rendez-vous, les th\u00e9rapeutes peuvent int\u00e9grer davantage de rendez-vous dans leur emploi du temps et les clients peuvent \u00e9viter le temps et les d\u00e9penses li\u00e9s aux d\u00e9placements.<\/p>\n<p><strong>Am\u00e9lioration de l&rsquo;engagement des clients\u00a0:<\/strong><\/p>\n<p>Les logiciels de t\u00e9l\u00e9sant\u00e9 peuvent accro\u00eetre l&rsquo;engagement et la participation des clients en offrant des moyens pratiques et confortables d&rsquo;acc\u00e9der aux soins. Les clients peuvent se sentir plus \u00e0 l&rsquo;aise pour s&rsquo;ouvrir depuis leur propre environnement, ce qui peut conduire \u00e0 des s\u00e9ances de th\u00e9rapie plus productives. En supprimant les d\u00e9placements, vous r\u00e9duisez \u00e9galement le temps consacr\u00e9 et la charge de travail de vos clients.<\/p>\n<p><strong>\u00c9conomies de co\u00fbts\u00a0:<\/strong><\/p>\n<p>Les logiciels de t\u00e9l\u00e9sant\u00e9 peuvent \u00eatre plus rentables que les services de th\u00e9rapie traditionnels, car vous pouvez d\u00e9marrer \u00e0 moindre co\u00fbt, car vous n&rsquo;aurez pas les frais g\u00e9n\u00e9raux li\u00e9s \u00e0 l&rsquo;entretien d&rsquo;un bureau physique (loyer, services publics, etc.). Cela r\u00e9duit \u00e9galement vos risques, car vous n&rsquo;aurez \u00e9videmment pas \u00e0 signer de baux ou d&rsquo;accords \u00e0 long terme dont il peut \u00eatre co\u00fbteux de se d\u00e9faire.<\/p>\n<p><strong>Confidentialit\u00e9 et s\u00e9curit\u00e9 accrues pour vous et vos clients\u00a0:<\/strong><\/p>\n<p>Les logiciels de t\u00e9l\u00e9sant\u00e9 peuvent fournir des canaux de communication s\u00e9curis\u00e9s et confidentiels aux th\u00e9rapeutes et aux clients. De plus, les clients b\u00e9n\u00e9ficient d&rsquo;une plus grande confidentialit\u00e9 en n&rsquo;ayant pas \u00e0 se pr\u00e9senter physiquement et \u00e9ventuellement \u00e0 voir d&rsquo;autres personnes.<\/p>\n<p><strong>Flexibilit\u00e9\u00a0:<\/strong><\/p>\n<p>Les logiciels de t\u00e9l\u00e9sant\u00e9 peuvent offrir de la flexibilit\u00e9 \u00e0 la fois pour vous et vos clients. Avec un logiciel de t\u00e9l\u00e9sant\u00e9, vous pouvez proposer des rendez-vous en dehors des heures ouvrables traditionnelles et les clients peuvent acc\u00e9der aux soins dans le confort de leur domicile ou de leur bureau.[\/vc_column_text][\/vc_column][\/vc_row][vc_row full_width=\u00a0\u00bbstretch_row\u00a0\u00bb css=\u00a0\u00bb.vc_custom_1729608621268{padding-top: 80px !important;padding-bottom: 80px !important;background-color: #4dd0e1 !important;}\u00a0\u00bb][vc_column][vc_column_text css=\u00a0\u00bb\u00a0\u00bb]<\/p>\n<h2 style=\"text-align: center\"><span style=\"color: #ffffff\">Essayez Clinigo gratuitement pendant 30 jours<\/span><\/h2>\n<p style=\"text-align: center\"><span style=\"color: #ffffff\">Aucune information de paiement n&rsquo;est requise. Cr\u00e9ez simplement un compte et obtenez un acc\u00e8s complet \u00e0 toutes les fonctionnalit\u00e9s. Une fois vos 30 jours \u00e9coul\u00e9s, saisissez vos informations de paiement et continuez \u00e0 profiter de tout ce que Clinigo.io a \u00e0 offrir.<\/span><\/p>\n<p>[\/vc_column_text][vc_btn title=\u00a0\u00bbObtenez votre essai GRATUIT\u00a0\u00bb style=\u00a0\u00bboutline\u00a0\u00bb color=\u00a0\u00bbwhite\u00a0\u00bb align=\u00a0\u00bbcenter\u00a0\u00bb css=\u00a0\u00bb\u00a0\u00bb link=\u00a0\u00bburl:https%3A%2F%2Fprogressiveweb.solutions%2Fclinigothe7%2Ffr%2Fessai-gratuit%2F|title:Free%20Trial\u00a0\u00bb][\/vc_column][\/vc_row]<\/p>\n<\/div>","protected":false},"excerpt":{"rendered":"<p>[vc_row full_width=\u00a0\u00bbstretch_row\u00a0\u00bb css=\u00a0\u00bb.vc_custom_1729608936450{padding-top: 80px !important;padding-bottom: 160px !important;background-color: #4dd0e1 !important;}\u00a0\u00bb][vc_column][vc_column_text css=\u00a0\u00bb\u00a0\u00bb] T\u00e9l\u00e9sant\u00e9 Emb\u00eatez de toujours devoir payer des suppl\u00e9ments pour Zoom ou d&rsquo;autres applications? Optez pour Clinigo. Avec notre logiciel, vous pouvez avoir des consultations vid\u00e9o avec vos patients o\u00f9 que vous soyez et ce, sans avoir \u00e0 payer ou utiliser une application tierce. [\/vc_column_text][\/vc_column][\/vc_row][vc_row css=\u00a0\u00bb.vc_custom_1729608755985{margin-top:&hellip;<\/p>\n","protected":false},"author":1,"featured_media":112,"parent":0,"menu_order":0,"comment_status":"closed","ping_status":"closed","template":"","meta":{"_monsterinsights_skip_tracking":false,"_monsterinsights_sitenote_active":false,"_monsterinsights_sitenote_note":"","_monsterinsights_sitenote_category":0,"footnotes":""},"class_list":["post-492","page","type-page","status-publish","has-post-thumbnail","hentry","description-off"],"yoast_head":"<!-- This site is optimized with the Yoast SEO plugin v27.3 - https:\/\/yoast.com\/product\/yoast-seo-wordpress\/ -->\n<title>T\u00e9l\u00e9sant\u00e9 - Easy to Use Clinic Management Software | Clinigo.io<\/title>\n<meta name=\"robots\" content=\"index, follow, max-snippet:-1, max-image-preview:large, max-video-preview:-1\" \/>\n<link rel=\"canonical\" href=\"https:\/\/clinigo.io\/fr\/telesante\/\" \/>\n<meta property=\"og:locale\" content=\"fr_FR\" \/>\n<meta property=\"og:type\" content=\"article\" \/>\n<meta property=\"og:title\" content=\"T\u00e9l\u00e9sant\u00e9 - Easy to Use Clinic Management Software | Clinigo.io\" \/>\n<meta property=\"og:description\" content=\"[vc_row full_width=\u00a0\u00bbstretch_row\u00a0\u00bb css=\u00a0\u00bb.vc_custom_1729608936450{padding-top: 80px !important;padding-bottom: 160px !important;background-color: #4dd0e1 !important;}\u00a0\u00bb][vc_column][vc_column_text css=\u00a0\u00bb\u00a0\u00bb] T\u00e9l\u00e9sant\u00e9 Emb\u00eatez de toujours devoir payer des suppl\u00e9ments pour Zoom ou d&rsquo;autres applications? Optez pour Clinigo. Avec notre logiciel, vous pouvez avoir des consultations vid\u00e9o avec vos patients o\u00f9 que vous soyez et ce, sans avoir \u00e0 payer ou utiliser une application tierce. [\/vc_column_text][\/vc_column][\/vc_row][vc_row css=\u00a0\u00bb.vc_custom_1729608755985{margin-top:&hellip;\" \/>\n<meta property=\"og:url\" content=\"https:\/\/clinigo.io\/fr\/telesante\/\" \/>\n<meta property=\"og:site_name\" content=\"Easy to Use Clinic Management Software | Clinigo.io\" \/>\n<meta property=\"og:image\" content=\"https:\/\/clinigo.io\/wp-content\/uploads\/sites\/10\/2022\/12\/clinigo-io-bilingual-practice-management-software-english-french.jpg\" \/>\n\t<meta property=\"og:image:width\" content=\"1920\" \/>\n\t<meta property=\"og:image:height\" content=\"1080\" \/>\n\t<meta property=\"og:image:type\" content=\"image\/jpeg\" \/>\n<meta name=\"twitter:card\" content=\"summary_large_image\" \/>\n<meta name=\"twitter:label1\" content=\"Dur\u00e9e de lecture estim\u00e9e\" \/>\n\t<meta name=\"twitter:data1\" content=\"5 minutes\" \/>\n<script type=\"application\/ld+json\" class=\"yoast-schema-graph\">{\"@context\":\"https:\\\/\\\/schema.org\",\"@graph\":[{\"@type\":\"WebPage\",\"@id\":\"https:\\\/\\\/clinigo.io\\\/fr\\\/telesante\\\/\",\"url\":\"https:\\\/\\\/clinigo.io\\\/fr\\\/telesante\\\/\",\"name\":\"T\u00e9l\u00e9sant\u00e9 - Easy to Use Clinic Management Software | Clinigo.io\",\"isPartOf\":{\"@id\":\"https:\\\/\\\/clinigo.io\\\/#website\"},\"primaryImageOfPage\":{\"@id\":\"https:\\\/\\\/clinigo.io\\\/fr\\\/telesante\\\/#primaryimage\"},\"image\":{\"@id\":\"https:\\\/\\\/clinigo.io\\\/fr\\\/telesante\\\/#primaryimage\"},\"thumbnailUrl\":\"https:\\\/\\\/clinigo.io\\\/wp-content\\\/uploads\\\/sites\\\/10\\\/2022\\\/12\\\/clinigo-io-bilingual-practice-management-software-english-french.jpg\",\"datePublished\":\"2024-10-22T03:35:17+00:00\",\"breadcrumb\":{\"@id\":\"https:\\\/\\\/clinigo.io\\\/fr\\\/telesante\\\/#breadcrumb\"},\"inLanguage\":\"fr-FR\",\"potentialAction\":[{\"@type\":\"ReadAction\",\"target\":[\"https:\\\/\\\/clinigo.io\\\/fr\\\/telesante\\\/\"]}]},{\"@type\":\"ImageObject\",\"inLanguage\":\"fr-FR\",\"@id\":\"https:\\\/\\\/clinigo.io\\\/fr\\\/telesante\\\/#primaryimage\",\"url\":\"https:\\\/\\\/clinigo.io\\\/wp-content\\\/uploads\\\/sites\\\/10\\\/2022\\\/12\\\/clinigo-io-bilingual-practice-management-software-english-french.jpg\",\"contentUrl\":\"https:\\\/\\\/clinigo.io\\\/wp-content\\\/uploads\\\/sites\\\/10\\\/2022\\\/12\\\/clinigo-io-bilingual-practice-management-software-english-french.jpg\",\"width\":1920,\"height\":1080},{\"@type\":\"BreadcrumbList\",\"@id\":\"https:\\\/\\\/clinigo.io\\\/fr\\\/telesante\\\/#breadcrumb\",\"itemListElement\":[{\"@type\":\"ListItem\",\"position\":1,\"name\":\"Home\",\"item\":\"https:\\\/\\\/clinigo.io\\\/\"},{\"@type\":\"ListItem\",\"position\":2,\"name\":\"T\u00e9l\u00e9sant\u00e9\"}]},{\"@type\":\"WebSite\",\"@id\":\"https:\\\/\\\/clinigo.io\\\/#website\",\"url\":\"https:\\\/\\\/clinigo.io\\\/\",\"name\":\"Easy to Use Clinic Management Software | Clinigo.io\",\"description\":\"\",\"potentialAction\":[{\"@type\":\"SearchAction\",\"target\":{\"@type\":\"EntryPoint\",\"urlTemplate\":\"https:\\\/\\\/clinigo.io\\\/?s={search_term_string}\"},\"query-input\":{\"@type\":\"PropertyValueSpecification\",\"valueRequired\":true,\"valueName\":\"search_term_string\"}}],\"inLanguage\":\"fr-FR\"}]}<\/script>\n<!-- \/ Yoast SEO plugin. -->","yoast_head_json":{"title":"T\u00e9l\u00e9sant\u00e9 - Easy to Use Clinic Management Software | Clinigo.io","robots":{"index":"index","follow":"follow","max-snippet":"max-snippet:-1","max-image-preview":"max-image-preview:large","max-video-preview":"max-video-preview:-1"},"canonical":"https:\/\/clinigo.io\/fr\/telesante\/","og_locale":"fr_FR","og_type":"article","og_title":"T\u00e9l\u00e9sant\u00e9 - Easy to Use Clinic Management Software | Clinigo.io","og_description":"[vc_row full_width=\u00a0\u00bbstretch_row\u00a0\u00bb css=\u00a0\u00bb.vc_custom_1729608936450{padding-top: 80px !important;padding-bottom: 160px !important;background-color: #4dd0e1 !important;}\u00a0\u00bb][vc_column][vc_column_text css=\u00a0\u00bb\u00a0\u00bb] T\u00e9l\u00e9sant\u00e9 Emb\u00eatez de toujours devoir payer des suppl\u00e9ments pour Zoom ou d&rsquo;autres applications? Optez pour Clinigo. Avec notre logiciel, vous pouvez avoir des consultations vid\u00e9o avec vos patients o\u00f9 que vous soyez et ce, sans avoir \u00e0 payer ou utiliser une application tierce. [\/vc_column_text][\/vc_column][\/vc_row][vc_row css=\u00a0\u00bb.vc_custom_1729608755985{margin-top:&hellip;","og_url":"https:\/\/clinigo.io\/fr\/telesante\/","og_site_name":"Easy to Use Clinic Management Software | Clinigo.io","og_image":[{"width":1920,"height":1080,"url":"https:\/\/clinigo.io\/wp-content\/uploads\/sites\/10\/2022\/12\/clinigo-io-bilingual-practice-management-software-english-french.jpg","type":"image\/jpeg"}],"twitter_card":"summary_large_image","twitter_misc":{"Dur\u00e9e de lecture estim\u00e9e":"5 minutes"},"schema":{"@context":"https:\/\/schema.org","@graph":[{"@type":"WebPage","@id":"https:\/\/clinigo.io\/fr\/telesante\/","url":"https:\/\/clinigo.io\/fr\/telesante\/","name":"T\u00e9l\u00e9sant\u00e9 - Easy to Use Clinic Management Software | Clinigo.io","isPartOf":{"@id":"https:\/\/clinigo.io\/#website"},"primaryImageOfPage":{"@id":"https:\/\/clinigo.io\/fr\/telesante\/#primaryimage"},"image":{"@id":"https:\/\/clinigo.io\/fr\/telesante\/#primaryimage"},"thumbnailUrl":"https:\/\/clinigo.io\/wp-content\/uploads\/sites\/10\/2022\/12\/clinigo-io-bilingual-practice-management-software-english-french.jpg","datePublished":"2024-10-22T03:35:17+00:00","breadcrumb":{"@id":"https:\/\/clinigo.io\/fr\/telesante\/#breadcrumb"},"inLanguage":"fr-FR","potentialAction":[{"@type":"ReadAction","target":["https:\/\/clinigo.io\/fr\/telesante\/"]}]},{"@type":"ImageObject","inLanguage":"fr-FR","@id":"https:\/\/clinigo.io\/fr\/telesante\/#primaryimage","url":"https:\/\/clinigo.io\/wp-content\/uploads\/sites\/10\/2022\/12\/clinigo-io-bilingual-practice-management-software-english-french.jpg","contentUrl":"https:\/\/clinigo.io\/wp-content\/uploads\/sites\/10\/2022\/12\/clinigo-io-bilingual-practice-management-software-english-french.jpg","width":1920,"height":1080},{"@type":"BreadcrumbList","@id":"https:\/\/clinigo.io\/fr\/telesante\/#breadcrumb","itemListElement":[{"@type":"ListItem","position":1,"name":"Home","item":"https:\/\/clinigo.io\/"},{"@type":"ListItem","position":2,"name":"T\u00e9l\u00e9sant\u00e9"}]},{"@type":"WebSite","@id":"https:\/\/clinigo.io\/#website","url":"https:\/\/clinigo.io\/","name":"Easy to Use Clinic Management Software | Clinigo.io","description":"","potentialAction":[{"@type":"SearchAction","target":{"@type":"EntryPoint","urlTemplate":"https:\/\/clinigo.io\/?s={search_term_string}"},"query-input":{"@type":"PropertyValueSpecification","valueRequired":true,"valueName":"search_term_string"}}],"inLanguage":"fr-FR"}]}},"_links":{"self":[{"href":"https:\/\/clinigo.io\/fr\/wp-json\/wp\/v2\/pages\/492","targetHints":{"allow":["GET"]}}],"collection":[{"href":"https:\/\/clinigo.io\/fr\/wp-json\/wp\/v2\/pages"}],"about":[{"href":"https:\/\/clinigo.io\/fr\/wp-json\/wp\/v2\/types\/page"}],"author":[{"embeddable":true,"href":"https:\/\/clinigo.io\/fr\/wp-json\/wp\/v2\/users\/1"}],"replies":[{"embeddable":true,"href":"https:\/\/clinigo.io\/fr\/wp-json\/wp\/v2\/comments?post=492"}],"version-history":[{"count":1,"href":"https:\/\/clinigo.io\/fr\/wp-json\/wp\/v2\/pages\/492\/revisions"}],"predecessor-version":[{"id":730,"href":"https:\/\/clinigo.io\/fr\/wp-json\/wp\/v2\/pages\/492\/revisions\/730"}],"wp:featuredmedia":[{"embeddable":true,"href":"https:\/\/clinigo.io\/fr\/wp-json\/wp\/v2\/media\/112"}],"wp:attachment":[{"href":"https:\/\/clinigo.io\/fr\/wp-json\/wp\/v2\/media?parent=492"}],"curies":[{"name":"wp","href":"https:\/\/api.w.org\/{rel}","templated":true}]}}